{"id":903,"date":"2024-05-24T10:30:56","date_gmt":"2024-05-24T08:30:56","guid":{"rendered":"https:\/\/www.haider-atb.at\/?page_id=903"},"modified":"2026-01-08T11:39:46","modified_gmt":"2026-01-08T10:39:46","slug":"haider-atb-tower-2","status":"publish","type":"page","link":"https:\/\/www.haider-atb.at\/?page_id=903","title":{"rendered":"Haider ATB Tower"},"content":{"rendered":"\n<p>Unsere Partner im Haider ATB Tower<\/p>\n\n\n\n<p><\/p>\n\n\n\n<div style=\"height:44px\" aria-hidden=\"true\" class=\"wp-block-spacer\"><\/div>\n\n\n\n<p><\/p>\n\n\n\n<h2 class=\"wp-block-heading\">UNIQA GeneralAgentur Schinnerl &amp; Partner  &#8211;  1. OG<\/h2>\n\n\n\n<div class=\"wp-block-columns is-layout-flex wp-container-core-columns-is-layout-1 wp-block-columns-is-layout-flex\">\n<div class=\"wp-block-column is-layout-flow wp-block-column-is-layout-flow\" style=\"flex-basis:66.66%\">\n<p>Als UNIQA GeneralAgentur sind wir stets an Ihrer Seite, um Ihnen in jeder Lebenssituation beizustehen. Wir bieten Ihnen eine umfassende Auswahl an Versicherungsprodukten, die f\u00fcr Ihre Absicherung im Schadensfall sorgen. Ob Kfz-Versicherung oder Unwetterschutz \u2013 als GeneralAgentur von UNIQA finden Sie bei uns den passenden Schutz.<\/p>\n<\/div>\n\n\n\n<div class=\"wp-block-column is-layout-flow wp-block-column-is-layout-flow\" style=\"flex-basis:33.33%\">\n<figure class=\"wp-block-image size-large is-resized\"><a href=\"https:\/\/www.uniqa-schinnerl-partner.at\/\"><img loading=\"lazy\" decoding=\"async\" width=\"1024\" height=\"670\" src=\"https:\/\/www.haider-atb.at\/wp-content\/uploads\/2024\/05\/Uniqa-logo-1024x670.jpg\" alt=\"\" class=\"wp-image-900\" style=\"width:196px;height:128px\" srcset=\"https:\/\/www.haider-atb.at\/wp-content\/uploads\/2024\/05\/Uniqa-logo-1024x670.jpg 1024w, https:\/\/www.haider-atb.at\/wp-content\/uploads\/2024\/05\/Uniqa-logo-300x196.jpg 300w, https:\/\/www.haider-atb.at\/wp-content\/uploads\/2024\/05\/Uniqa-logo-768x502.jpg 768w, https:\/\/www.haider-atb.at\/wp-content\/uploads\/2024\/05\/Uniqa-logo.jpg 1350w\" sizes=\"auto, (max-width: 1024px) 100vw, 1024px\" \/><\/a><\/figure>\n<\/div>\n<\/div>\n\n\n\n<h2 class=\"wp-block-heading\">Studio Wild  &#8211;  2. OG<\/h2>\n\n\n\n<div class=\"wp-block-columns is-layout-flex wp-container-core-columns-is-layout-2 wp-block-columns-is-layout-flex\">\n<div class=\"wp-block-column is-layout-flow wp-block-column-is-layout-flow\" style=\"flex-basis:66.66%\">\n<p>Ob dauerhafte Haarentfernung, straffere Haut oder individuelle Dermakosmetik mittels unserer bildbasierten Hautanalyse; wir verwenden die neuesten Techniken und hochwertige Produkte um ma\u00dfgeschneiderte L\u00f6sungen f\u00fcr Ihre Bed\u00fcrfnisse zu bieten. <\/p>\n<\/div>\n\n\n\n<div class=\"wp-block-column is-layout-flow wp-block-column-is-layout-flow\" style=\"flex-basis:33.33%\">\n<figure class=\"wp-block-image size-full is-resized\"><a href=\"https:\/\/www.studiowild.at\/\"><img loading=\"lazy\" decoding=\"async\" width=\"828\" height=\"828\" src=\"https:\/\/www.haider-atb.at\/wp-content\/uploads\/2024\/05\/Wild_Kosmetik.jpg\" alt=\"\" class=\"wp-image-915\" style=\"width:164px;height:164px\" srcset=\"https:\/\/www.haider-atb.at\/wp-content\/uploads\/2024\/05\/Wild_Kosmetik.jpg 828w, https:\/\/www.haider-atb.at\/wp-content\/uploads\/2024\/05\/Wild_Kosmetik-300x300.jpg 300w, https:\/\/www.haider-atb.at\/wp-content\/uploads\/2024\/05\/Wild_Kosmetik-150x150.jpg 150w, https:\/\/www.haider-atb.at\/wp-content\/uploads\/2024\/05\/Wild_Kosmetik-768x768.jpg 768w, https:\/\/www.haider-atb.at\/wp-content\/uploads\/2024\/05\/Wild_Kosmetik-100x100.jpg 100w\" sizes=\"auto, (max-width: 828px) 100vw, 828px\" \/><\/a><\/figure>\n<\/div>\n<\/div>\n\n\n\n<h2 class=\"wp-block-heading\">Barbara Hametner Fu\u00df- und Handpflege  &#8211;  2. OG<\/h2>\n\n\n\n<div class=\"wp-block-columns is-layout-flex wp-container-core-columns-is-layout-3 wp-block-columns-is-layout-flex\">\n<div class=\"wp-block-column is-layout-flow wp-block-column-is-layout-flow\" style=\"flex-basis:66.66%\">\n<p>Unser Hand- und Fu\u00dfpflegestudio ist ein Ort der Sch\u00f6nheit, Pflege und Entspannung. Wir verf\u00fcgen \u00fcber ein kompetentes Team von Fachleuten und sind absolute Experten in Sachen Fu\u00df- und Handpflege.&nbsp;Mit \u00fcber 13 Jahren Erfahrung wissen wir genau, was Ihre F\u00fc\u00dfe brauchen.<\/p>\n<\/div>\n\n\n\n<div class=\"wp-block-column is-layout-flow wp-block-column-is-layout-flow\" style=\"flex-basis:33.33%\">\n<figure class=\"wp-block-image size-full is-resized\"><a href=\"https:\/\/www.studiowild.at\/fu%C3%9Fpflege\"><img loading=\"lazy\" decoding=\"async\" width=\"663\" height=\"304\" src=\"https:\/\/www.haider-atb.at\/wp-content\/uploads\/2024\/05\/Hametner-Fusspflege-3.png\" alt=\"\" class=\"wp-image-920\" style=\"width:265px;height:121px\" srcset=\"https:\/\/www.haider-atb.at\/wp-content\/uploads\/2024\/05\/Hametner-Fusspflege-3.png 663w, https:\/\/www.haider-atb.at\/wp-content\/uploads\/2024\/05\/Hametner-Fusspflege-3-300x138.png 300w\" sizes=\"auto, (max-width: 663px) 100vw, 663px\" \/><\/a><\/figure>\n<\/div>\n<\/div>\n\n\n\n<h2 class=\"wp-block-heading\">Verein CAREFUL HANDS &#8211; 2. OG<\/h2>\n\n\n\n<div class=\"wp-block-columns is-layout-flex wp-container-core-columns-is-layout-4 wp-block-columns-is-layout-flex\">\n<div class=\"wp-block-column is-layout-flow wp-block-column-is-layout-flow\" style=\"flex-basis:66.66%\">\n<p>Wir von CAREFUL HANDS setzen uns daf\u00fcr ein, Institutionen in Zeiten des Personalmangels, bei Krankenst\u00e4nden, Urlaub oder Karenzvertretungen professionell und zuverl\u00e4ssig zu unterst\u00fctzen. Unser Ziel ist es, Menschen mit Unterst\u00fctzungsbedarf bestm\u00f6glich zu begleiten und die Qualit\u00e4t der Betreuung in den Einrichtungen aufrechtzuerhalten.<\/p>\n<\/div>\n\n\n\n<div class=\"wp-block-column is-layout-flow wp-block-column-is-layout-flow\" style=\"flex-basis:33.33%\">\n<figure class=\"wp-block-image size-full is-resized\"><a href=\"https:\/\/www.careful-hands.at\/\"><img loading=\"lazy\" decoding=\"async\" width=\"728\" height=\"372\" src=\"https:\/\/www.haider-atb.at\/wp-content\/uploads\/2026\/01\/CarefulHands.jpg\" alt=\"\" class=\"wp-image-1013\" style=\"width:204px;height:auto\" srcset=\"https:\/\/www.haider-atb.at\/wp-content\/uploads\/2026\/01\/CarefulHands.jpg 728w, https:\/\/www.haider-atb.at\/wp-content\/uploads\/2026\/01\/CarefulHands-300x153.jpg 300w\" sizes=\"auto, (max-width: 728px) 100vw, 728px\" \/><\/a><\/figure>\n<\/div>\n<\/div>\n\n\n\n<h2 class=\"wp-block-heading\">Sandra Meisinger Physiotherapie\/Osteopathie  &#8211;  2. OG<\/h2>\n\n\n\n<div class=\"wp-block-columns is-layout-flex wp-container-core-columns-is-layout-5 wp-block-columns-is-layout-flex\">\n<div class=\"wp-block-column is-layout-flow wp-block-column-is-layout-flow\" style=\"flex-basis:66.66%\">\n<p>In meiner Praxis kombiniere ich meine schulmedizinische Ausbildung als Physiotherapeutin mit meiner langj\u00e4hrigen Erfahrung in der Osteopathie. Das erm\u00f6glicht mir meine Vorbeuge- und Behandlungsstrategien unter verschiedenen Blickwinkeln zu erstellen und dir stets m\u00f6glichst individuelle Therapien und Therapievorschl\u00e4ge zu geben. Mein besonderes Augenmerk liegt auf der kontinuierlichen Verlaufskontrolle und der Anpassung der Methoden bei Bedarf.<\/p>\n<\/div>\n\n\n\n<div class=\"wp-block-column is-layout-flow wp-block-column-is-layout-flow\"><\/div>\n\n\n\n<div class=\"wp-block-column is-layout-flow wp-block-column-is-layout-flow\" style=\"flex-basis:33.33%\">\n<figure class=\"wp-block-image size-full is-resized\"><a href=\"https:\/\/www.physio-osteopathie.at\/\"><img loading=\"lazy\" decoding=\"async\" width=\"890\" height=\"422\" src=\"https:\/\/www.haider-atb.at\/wp-content\/uploads\/2024\/05\/Meisinger.png\" alt=\"\" class=\"wp-image-952\" style=\"width:284px;height:135px\" srcset=\"https:\/\/www.haider-atb.at\/wp-content\/uploads\/2024\/05\/Meisinger.png 890w, https:\/\/www.haider-atb.at\/wp-content\/uploads\/2024\/05\/Meisinger-300x142.png 300w, https:\/\/www.haider-atb.at\/wp-content\/uploads\/2024\/05\/Meisinger-768x364.png 768w\" sizes=\"auto, (max-width: 890px) 100vw, 890px\" \/><\/a><\/figure>\n<\/div>\n<\/div>\n\n\n\n<h2 class=\"wp-block-heading\">Massage Melanie Siegl &#8211; 2. OG<\/h2>\n\n\n\n<div class=\"wp-block-columns is-layout-flex wp-container-core-columns-is-layout-6 wp-block-columns-is-layout-flex\">\n<div class=\"wp-block-column is-layout-flow wp-block-column-is-layout-flow\" style=\"flex-basis:66.66%\">\n<p>Mit gezielten Griffen, einem einf\u00fchlsamen Gesp\u00fcr und einem ganzheitlichen Blick auf K\u00f6rper und Wohlbefinden, biete ich dir eine individuelle Behandlung, die genau auf deine Bed\u00fcrfnisse abgestimmt ist.<\/p>\n\n\n\n<p>Termin nach Vereinbarung unter 0677\/18027913 oder massage-melanie@gmx.at<\/p>\n<\/div>\n\n\n\n<div class=\"wp-block-column is-layout-flow wp-block-column-is-layout-flow\" style=\"flex-basis:33.33%\">\n<figure class=\"wp-block-image size-full is-resized\"><a href=\"https:\/\/www.massage-melanie.at\/\"><img loading=\"lazy\" decoding=\"async\" width=\"719\" height=\"550\" src=\"https:\/\/www.haider-atb.at\/wp-content\/uploads\/2025\/08\/Massage-Siegl.jpg\" alt=\"\" class=\"wp-image-997\" style=\"width:193px;height:auto\" srcset=\"https:\/\/www.haider-atb.at\/wp-content\/uploads\/2025\/08\/Massage-Siegl.jpg 719w, https:\/\/www.haider-atb.at\/wp-content\/uploads\/2025\/08\/Massage-Siegl-300x229.jpg 300w\" sizes=\"auto, (max-width: 719px) 100vw, 719px\" \/><\/a><\/figure>\n<\/div>\n<\/div>\n\n\n\n<h2 class=\"wp-block-heading\">Sixtl Wirtshaus  &#8211;  3. OG<\/h2>\n\n\n\n<div class=\"wp-block-columns is-layout-flex wp-container-core-columns-is-layout-7 wp-block-columns-is-layout-flex\">\n<div class=\"wp-block-column is-layout-flow wp-block-column-is-layout-flow\" style=\"flex-basis:66.66%\">\n<p>Entdecken Sie das Wirtshaus Sixtl in Tragwein, wo traditionelle \u00f6sterreichische Gastfreundschaft auf k\u00f6stliche Hausmannskost trifft. Genie\u00dfen Sie in gem\u00fctlicher Atmosph\u00e4re liebevoll zubereitete Gerichte. Ob herzhafte Fleischgerichte, klassische Beilagen oder s\u00fc\u00dfe Desserts \u2013 im Wirtshaus Sixtl erleben Sie den authentischen Geschmack \u00d6sterreichs. Besuchen Sie uns und lassen Sie sich kulinarisch verw\u00f6hnen!<\/p>\n<\/div>\n\n\n\n<div class=\"wp-block-column is-layout-flow wp-block-column-is-layout-flow\" style=\"flex-basis:33.33%\">\n<figure class=\"wp-block-image size-full is-resized\"><a href=\"https:\/\/www.sixtl.net\/\"><img loading=\"lazy\" decoding=\"async\" width=\"571\" height=\"241\" src=\"https:\/\/www.haider-atb.at\/wp-content\/uploads\/2024\/05\/Logo.jpg\" alt=\"\" class=\"wp-image-901\" style=\"aspect-ratio:2.36046511627907;width:208px;height:auto\" srcset=\"https:\/\/www.haider-atb.at\/wp-content\/uploads\/2024\/05\/Logo.jpg 571w, https:\/\/www.haider-atb.at\/wp-content\/uploads\/2024\/05\/Logo-300x127.jpg 300w\" sizes=\"auto, (max-width: 571px) 100vw, 571px\" \/><\/a><\/figure>\n<\/div>\n<\/div>\n\n\n\n<p><\/p>\n","protected":false},"excerpt":{"rendered":"<p>Unsere Partner im Haider ATB Tower UNIQA GeneralAgentur Schinnerl &amp; Partner &#8211; 1. OG Als UNIQA GeneralAgentur sind wir stets an Ihrer Seite, um Ihnen in jeder Lebenssituation beizustehen. Wir bieten Ihnen eine umfassende Auswahl an Versicherungsprodukten, die f\u00fcr Ihre Absicherung im Schadensfall sorgen. Ob Kfz-Versicherung oder Unwetterschutz \u2013 als GeneralAgentur von UNIQA finden Sie [&hellip;]<\/p>\n","protected":false},"author":2,"featured_media":0,"parent":0,"menu_order":0,"comment_status":"closed","ping_status":"closed","template":"","meta":{"footnotes":""},"class_list":["post-903","page","type-page","status-publish","hentry"],"_links":{"self":[{"href":"https:\/\/www.haider-atb.at\/index.php?rest_route=\/wp\/v2\/pages\/903","targetHints":{"allow":["GET"]}}],"collection":[{"href":"https:\/\/www.haider-atb.at\/index.php?rest_route=\/wp\/v2\/pages"}],"about":[{"href":"https:\/\/www.haider-atb.at\/index.php?rest_route=\/wp\/v2\/types\/page"}],"author":[{"embeddable":true,"href":"https:\/\/www.haider-atb.at\/index.php?rest_route=\/wp\/v2\/users\/2"}],"replies":[{"embeddable":true,"href":"https:\/\/www.haider-atb.at\/index.php?rest_route=%2Fwp%2Fv2%2Fcomments&post=903"}],"version-history":[{"count":39,"href":"https:\/\/www.haider-atb.at\/index.php?rest_route=\/wp\/v2\/pages\/903\/revisions"}],"predecessor-version":[{"id":1019,"href":"https:\/\/www.haider-atb.at\/index.php?rest_route=\/wp\/v2\/pages\/903\/revisions\/1019"}],"wp:attachment":[{"href":"https:\/\/www.haider-atb.at\/index.php?rest_route=%2Fwp%2Fv2%2Fmedia&parent=903"}],"curies":[{"name":"wp","href":"https:\/\/api.w.org\/{rel}","templated":true}]}}