{"id":760,"date":"2022-09-27T13:24:34","date_gmt":"2022-09-27T11:24:34","guid":{"rendered":"https:\/\/www.haider-atb.at\/?page_id=760"},"modified":"2025-11-12T11:41:25","modified_gmt":"2025-11-12T10:41:25","slug":"haider-atb-tower","status":"publish","type":"page","link":"https:\/\/www.haider-atb.at\/?page_id=760","title":{"rendered":"Vermietung"},"content":{"rendered":"\n<p><\/p>\n\n\n\n<div class=\"wp-block-columns is-layout-flex wp-container-core-columns-is-layout-1 wp-block-columns-is-layout-flex\">\n<div class=\"wp-block-column is-layout-flow wp-block-column-is-layout-flow\" style=\"flex-basis:80%\">\n<p>Im Juli 2022 wurde der neue Haider ATB Tower er\u00f6ffnet. Unsere B\u00fcror\u00e4umlichkeiten und der Empfangsbereich sind direkt mit der Werkst\u00e4tte verbunden und bieten \u00fcberdies einen angenehmen Aufenthaltsbereich f\u00fcr unsere Kunden bei Wartezeiten. <\/p>\n\n\n\n<p>Mit dem <a href=\"https:\/\/www.sixtl.net\/\" target=\"_blank\" rel=\"noreferrer noopener\">Wirtshaus<\/a> &#8222;Sixtl&#8220;, der <a href=\"https:\/\/www.uniqa-schinnerl-partner.at\/\">Uniqa GeneralAgentur<\/a> Schinnerl &amp; Partner inkl. KFZ Zulassungsstelle, <a href=\"https:\/\/www.haider-atb.at\/?page_id=795\">Fitnessstudio<\/a> Haider ist bereits Leben in das neue Geb\u00e4ude gekommen.<\/p>\n\n\n\n<p>Seit Mai 2024 bereichern <a href=\"https:\/\/www.studiowild.at\/\">Kosmetikstudio Wild<\/a> \/ <a href=\"https:\/\/www.studiowild.at\/fu%C3%9Fpflege\">Fu\u00dfpflege Hametner,<\/a> <a href=\"https:\/\/www.massage-bodypoint.at\/\">Bodypoint Massage<\/a> und <a href=\"https:\/\/www.physio-osteopathie.at\/\">Physiotherapie Meisinger<\/a> den ATB Tower.<\/p>\n\n\n\n<p><strong>Es gibt noch freie B\u00fcrofl\u00e4chen, die zur Vermietung stehen:<\/strong><\/p>\n\n\n\n<div class=\"wp-block-group is-vertical is-layout-flex wp-container-core-group-is-layout-1 wp-block-group-is-layout-flex\">\n<p><\/p>\n\n\n\n<ul class=\"wp-block-list\">\n<li>108 m\u00b2  &#8211;  4. OG   -&gt; diese teilen sich in 4 R\u00e4ume auf:<\/li>\n<\/ul>\n\n\n\n<p>Raum 1: 31 m\u00b2 (bis zu 4 Arbeitspl\u00e4tze m\u00f6glich)<\/p>\n\n\n\n<p>Raum 2: 22 m\u00b2 (1-2 Arbeitspl\u00e4tze oder Gesch\u00e4ftsf\u00fchrerb\u00fcro m\u00f6glich)<\/p>\n\n\n\n<p>Raum 3: 45 m\u00b2 (Gro\u00dfraumb\u00fcro \/ Seminarraum \/ Besprechungsraum)<\/p>\n\n\n\n<p>Vorraum\/Kundenwartebereich mit 10m\u00b2<\/p>\n\n\n\n<p><\/p>\n\n\n\n<p>WC-Anlagen sowie eine Gemeinschaftsk\u00fcche sind bereits vorhanden.<\/p>\n\n\n\n<p>Das gesamte B\u00fcrogeb\u00e4ude ist mit Glasfaserinternet ausgestattet.<\/p>\n\n\n\n<p><\/p>\n<\/div>\n<\/div>\n\n\n\n<div class=\"wp-block-column is-layout-flow wp-block-column-is-layout-flow\" style=\"flex-basis:20%\"><\/div>\n<\/div>\n\n\n\n<figure class=\"wp-block-gallery has-nested-images columns-4 is-cropped wp-block-gallery-1 is-layout-flex wp-block-gallery-is-layout-flex\">\n<figure class=\"wp-block-image size-large\"><a href=\"https:\/\/www.haider-atb.at\/wp-content\/uploads\/2022\/10\/2022-06-01-Schaufler-Haider-ATP-Tragwein_030-scaled.jpg\"><img loading=\"lazy\" decoding=\"async\" width=\"1024\" height=\"682\" data-id=\"768\" src=\"https:\/\/www.haider-atb.at\/wp-content\/uploads\/2022\/10\/2022-06-01-Schaufler-Haider-ATP-Tragwein_030-1024x682.jpg\" alt=\"Haider ATB von au\u00dfen\" class=\"wp-image-768\" srcset=\"https:\/\/www.haider-atb.at\/wp-content\/uploads\/2022\/10\/2022-06-01-Schaufler-Haider-ATP-Tragwein_030-1024x682.jpg 1024w, https:\/\/www.haider-atb.at\/wp-content\/uploads\/2022\/10\/2022-06-01-Schaufler-Haider-ATP-Tragwein_030-300x200.jpg 300w, https:\/\/www.haider-atb.at\/wp-content\/uploads\/2022\/10\/2022-06-01-Schaufler-Haider-ATP-Tragwein_030-768x512.jpg 768w, https:\/\/www.haider-atb.at\/wp-content\/uploads\/2022\/10\/2022-06-01-Schaufler-Haider-ATP-Tragwein_030-1536x1023.jpg 1536w, https:\/\/www.haider-atb.at\/wp-content\/uploads\/2022\/10\/2022-06-01-Schaufler-Haider-ATP-Tragwein_030-2048x1364.jpg 2048w\" sizes=\"auto, (max-width: 1024px) 100vw, 1024px\" \/><\/a><figcaption class=\"wp-element-caption\">Haider ATB von au\u00dfen<\/figcaption><\/figure>\n\n\n\n<figure class=\"wp-block-image size-large\"><a href=\"https:\/\/www.haider-atb.at\/wp-content\/uploads\/2022\/10\/P9200473-scaled.jpg\"><img loading=\"lazy\" decoding=\"async\" width=\"1024\" height=\"768\" data-id=\"780\" src=\"https:\/\/www.haider-atb.at\/wp-content\/uploads\/2022\/10\/P9200473-1024x768.jpg\" alt=\"Eingangsbereich Haider ATB\" class=\"wp-image-780\" srcset=\"https:\/\/www.haider-atb.at\/wp-content\/uploads\/2022\/10\/P9200473-1024x768.jpg 1024w, https:\/\/www.haider-atb.at\/wp-content\/uploads\/2022\/10\/P9200473-300x225.jpg 300w, https:\/\/www.haider-atb.at\/wp-content\/uploads\/2022\/10\/P9200473-768x576.jpg 768w, https:\/\/www.haider-atb.at\/wp-content\/uploads\/2022\/10\/P9200473-1536x1152.jpg 1536w, https:\/\/www.haider-atb.at\/wp-content\/uploads\/2022\/10\/P9200473-2048x1536.jpg 2048w\" sizes=\"auto, (max-width: 1024px) 100vw, 1024px\" \/><\/a><figcaption class=\"wp-element-caption\">Eingangsbereich Haider ATB<\/figcaption><\/figure>\n\n\n\n<figure class=\"wp-block-image size-full\"><a href=\"https:\/\/www.haider-atb.at\/wp-content\/uploads\/2022\/10\/2022-06-01-Schaufler-Haider-ATP-Tragwein_026.jpg\"><img decoding=\"async\" data-id=\"771\" src=\"https:\/\/www.haider-atb.at\/wp-content\/uploads\/2022\/10\/2022-06-01-Schaufler-Haider-ATP-Tragwein_026.jpg\" alt=\"SIXL Wirtraum\" class=\"wp-image-771\"\/><\/a><figcaption class=\"wp-element-caption\">SIXTL Wirtsraum<\/figcaption><\/figure>\n\n\n\n<figure class=\"wp-block-image size-full\"><a href=\"https:\/\/www.haider-atb.at\/wp-content\/uploads\/2022\/10\/2022-06-01-Schaufler-Haider-ATP-Tragwein_023.jpg\"><img decoding=\"async\" data-id=\"772\" src=\"https:\/\/www.haider-atb.at\/wp-content\/uploads\/2022\/10\/2022-06-01-Schaufler-Haider-ATP-Tragwein_023.jpg\" alt=\"SIXL Barbereich\" class=\"wp-image-772\"\/><\/a><figcaption class=\"wp-element-caption\">SIXTL Barbereich<\/figcaption><\/figure>\n\n\n\n<figure class=\"wp-block-image size-full\"><a href=\"https:\/\/www.haider-atb.at\/wp-content\/uploads\/2022\/10\/2022-06-01-Schaufler-Haider-ATP-Tragwein_003.jpg\"><img decoding=\"async\" data-id=\"773\" src=\"https:\/\/www.haider-atb.at\/wp-content\/uploads\/2022\/10\/2022-06-01-Schaufler-Haider-ATP-Tragwein_003.jpg\" alt=\"B\u00fcrogestaltung\" class=\"wp-image-773\"\/><\/a><figcaption class=\"wp-element-caption\">B\u00fcrogestaltung Uniqa Generalagentur<\/figcaption><\/figure>\n\n\n\n<figure class=\"wp-block-image size-full\"><a href=\"https:\/\/www.haider-atb.at\/wp-content\/uploads\/2022\/10\/2022-06-01-Schaufler-Haider-ATP-Tragwein_028-scaled.jpg\"><img loading=\"lazy\" decoding=\"async\" width=\"2560\" height=\"1705\" data-id=\"769\" src=\"https:\/\/www.haider-atb.at\/wp-content\/uploads\/2022\/10\/2022-06-01-Schaufler-Haider-ATP-Tragwein_028-scaled.jpg\" alt=\"Haider ATB von au\u00dfen\" class=\"wp-image-769\" srcset=\"https:\/\/www.haider-atb.at\/wp-content\/uploads\/2022\/10\/2022-06-01-Schaufler-Haider-ATP-Tragwein_028-scaled.jpg 2560w, https:\/\/www.haider-atb.at\/wp-content\/uploads\/2022\/10\/2022-06-01-Schaufler-Haider-ATP-Tragwein_028-300x200.jpg 300w\" sizes=\"auto, (max-width: 2560px) 100vw, 2560px\" \/><\/a><figcaption class=\"wp-element-caption\">Haider ATB von au\u00dfen<\/figcaption><\/figure>\n<figcaption class=\"blocks-gallery-caption wp-element-caption\">Impressionen des Haider ATB Towers und der R\u00e4umlichkeiten<\/figcaption><\/figure>\n","protected":false},"excerpt":{"rendered":"<p>Im Juli 2022 wurde der neue Haider ATB Tower er\u00f6ffnet. Unsere B\u00fcror\u00e4umlichkeiten und der Empfangsbereich sind direkt mit der Werkst\u00e4tte verbunden und bieten \u00fcberdies einen angenehmen Aufenthaltsbereich f\u00fcr unsere Kunden bei Wartezeiten. Mit dem Wirtshaus &#8222;Sixtl&#8220;, der Uniqa GeneralAgentur Schinnerl &amp; Partner inkl. KFZ Zulassungsstelle, Fitnessstudio Haider ist bereits Leben in das neue Geb\u00e4ude gekommen. [&hellip;]<\/p>\n","protected":false},"author":1,"featured_media":0,"parent":0,"menu_order":0,"comment_status":"closed","ping_status":"closed","template":"","meta":{"footnotes":""},"class_list":["post-760","page","type-page","status-publish","hentry"],"_links":{"self":[{"href":"https:\/\/www.haider-atb.at\/index.php?rest_route=\/wp\/v2\/pages\/760","targetHints":{"allow":["GET"]}}],"collection":[{"href":"https:\/\/www.haider-atb.at\/index.php?rest_route=\/wp\/v2\/pages"}],"about":[{"href":"https:\/\/www.haider-atb.at\/index.php?rest_route=\/wp\/v2\/types\/page"}],"author":[{"embeddable":true,"href":"https:\/\/www.haider-atb.at\/index.php?rest_route=\/wp\/v2\/users\/1"}],"replies":[{"embeddable":true,"href":"https:\/\/www.haider-atb.at\/index.php?rest_route=%2Fwp%2Fv2%2Fcomments&post=760"}],"version-history":[{"count":36,"href":"https:\/\/www.haider-atb.at\/index.php?rest_route=\/wp\/v2\/pages\/760\/revisions"}],"predecessor-version":[{"id":1009,"href":"https:\/\/www.haider-atb.at\/index.php?rest_route=\/wp\/v2\/pages\/760\/revisions\/1009"}],"wp:attachment":[{"href":"https:\/\/www.haider-atb.at\/index.php?rest_route=%2Fwp%2Fv2%2Fmedia&parent=760"}],"curies":[{"name":"wp","href":"https:\/\/api.w.org\/{rel}","templated":true}]}}