{"id":58,"date":"2019-12-30T11:15:02","date_gmt":"2019-12-30T10:15:02","guid":{"rendered":"http:\/\/www.haider-atb.at\/?page_id=58"},"modified":"2022-09-27T11:10:34","modified_gmt":"2022-09-27T09:10:34","slug":"leistungen","status":"publish","type":"page","link":"https:\/\/www.haider-atb.at\/?page_id=58","title":{"rendered":"Leistungen"},"content":{"rendered":"\n<h4 class=\"wp-block-heading\" id=\"folgende-leistungen-konnen-sie-bei-uns-in-anspruch-nehmen\">Folgende Leistungen k\u00f6nnen Sie bei uns in Anspruch nehmen<\/h4>\n\n\n\n<div style=\"height:20px\" aria-hidden=\"true\" class=\"wp-block-spacer\"><\/div>\n\n\n\n<div class=\"wp-block-columns is-layout-flex wp-container-core-columns-is-layout-1 wp-block-columns-is-layout-flex\">\n<div class=\"wp-block-column is-layout-flow wp-block-column-is-layout-flow\">\n<div class=\"wp-block-group has-very-light-gray-background-color has-background\"><div class=\"wp-block-group__inner-container is-layout-flow wp-block-group-is-layout-flow\">\n<div style=\"height:20px\" aria-hidden=\"true\" class=\"wp-block-spacer\"><\/div>\n\n\n\n<h4 class=\"has-text-align-center wp-block-heading\" id=\"kfz-meisterwerkstatte\"><a href=\"http:\/\/www.haider-atb.at\/?page_id=19\">KFZ-Meisterwerkst\u00e4tte<\/a><\/h4>\n\n\n\n<div style=\"height:40px\" aria-hidden=\"true\" class=\"wp-block-spacer\"><\/div>\n\n\n\n<p class=\"has-text-align-center\">Neu- und Gebrauchtwagenverkauf<\/p>\n\n\n\n<p class=\"has-text-align-center\">Reparatur aller Automarken<\/p>\n\n\n\n<p class=\"has-text-align-center\">Service und KFZ-\u00dcberpr\u00fcfung nach \u00a7 57a <\/p>\n\n\n\n<p class=\"has-text-align-center\"><a href=\"http:\/\/www.haider-atb.at\/?page_id=19\">Und vieles mehr<\/a><\/p>\n\n\n\n<div style=\"height:20px\" aria-hidden=\"true\" class=\"wp-block-spacer\"><\/div>\n<\/div><\/div>\n<\/div>\n\n\n\n<div class=\"wp-block-column is-layout-flow wp-block-column-is-layout-flow\">\n<div class=\"wp-block-group has-very-light-gray-background-color has-background\"><div class=\"wp-block-group__inner-container is-layout-flow wp-block-group-is-layout-flow\">\n<div style=\"height:20px\" aria-hidden=\"true\" class=\"wp-block-spacer\"><\/div>\n\n\n\n<h4 class=\"has-text-align-center wp-block-heading\" id=\"kfz-spenglerei\"><a href=\"http:\/\/www.haider-atb.at\/?page_id=19\">KFZ-<\/a><a href=\"http:\/\/haider-atb.at\/?page_id=26\">Spenglerei<\/a><\/h4>\n\n\n\n<div style=\"height:40px\" aria-hidden=\"true\" class=\"wp-block-spacer\"><\/div>\n\n\n\n<p class=\"has-text-align-center\">Lackierarbeiten<\/p>\n\n\n\n<p class=\"has-text-align-center\">Reparatur von Blech- und Hagelsch\u00e4den<\/p>\n\n\n\n<p class=\"has-text-align-center\">Unterboden- und Hohlraumschutzversiegelung<\/p>\n\n\n\n<p class=\"has-text-align-center\"><a href=\"http:\/\/www.haider-atb.at\/?page_id=26\">Und vieles mehr<\/a><\/p>\n\n\n\n<div style=\"height:20px\" aria-hidden=\"true\" class=\"wp-block-spacer\"><\/div>\n<\/div><\/div>\n<\/div>\n<\/div>\n\n\n\n<div class=\"wp-block-columns is-layout-flex wp-container-core-columns-is-layout-2 wp-block-columns-is-layout-flex\">\n<div class=\"wp-block-column is-layout-flow wp-block-column-is-layout-flow\">\n<div class=\"wp-block-group has-very-light-gray-background-color has-background\"><div class=\"wp-block-group__inner-container is-layout-flow wp-block-group-is-layout-flow\">\n<div style=\"height:20px\" aria-hidden=\"true\" class=\"wp-block-spacer\"><\/div>\n\n\n\n<h4 class=\"has-text-align-center wp-block-heading\" id=\"abschleppen\"><a href=\"http:\/\/www.haider-atb.at\/?page_id=29\">Abschleppen<\/a><\/h4>\n\n\n\n<div style=\"height:40px\" aria-hidden=\"true\" class=\"wp-block-spacer\"><\/div>\n\n\n\n<p class=\"has-text-align-center\">Abschleppen bei Panne oder Unfall<\/p>\n\n\n\n<p class=\"has-text-align-center\">Abschleppservice-Hotline<br>0680 113 90 90<\/p>\n\n\n\n<p class=\"has-text-align-center\"><a href=\"http:\/\/www.haider-atb.at\/?page_id=29\">Mehr dazu<\/a><\/p>\n\n\n\n<div style=\"height:20px\" aria-hidden=\"true\" class=\"wp-block-spacer\"><\/div>\n<\/div><\/div>\n<\/div>\n\n\n\n<div class=\"wp-block-column is-layout-flow wp-block-column-is-layout-flow\">\n<div class=\"wp-block-group has-very-light-gray-background-color has-background\"><div class=\"wp-block-group__inner-container is-layout-flow wp-block-group-is-layout-flow\">\n<div style=\"height:20px\" aria-hidden=\"true\" class=\"wp-block-spacer\"><\/div>\n\n\n\n<h4 class=\"has-text-align-center wp-block-heading\" id=\"aufbereitung\"><a href=\"https:\/\/www.haider-atb.at\/?page_id=527\">Aufbereitung<\/a><\/h4>\n\n\n\n<div style=\"height:40px\" aria-hidden=\"true\" class=\"wp-block-spacer\"><\/div>\n\n\n\n<p class=\"has-text-align-center\">Vielf\u00e4ltiges Angebot f\u00fcr die perfekte Auto Aufbereitung <\/p>\n\n\n\n<p class=\"has-text-align-center\"> Von der Basispflege, \u00fcber die Innenreinigung, die Politur bis zur Premiumpflege ist alles m\u00f6glich. <\/p>\n\n\n\n<p class=\"has-text-align-center\"><a href=\"https:\/\/www.haider-atb.at\/?page_id=527\">Mehr dazu<\/a><\/p>\n\n\n\n<div style=\"height:20px\" aria-hidden=\"true\" class=\"wp-block-spacer\"><\/div>\n<\/div><\/div>\n<\/div>\n<\/div>\n\n\n\n<p><\/p>\n","protected":false},"excerpt":{"rendered":"<p>Folgende Leistungen k\u00f6nnen Sie bei uns in Anspruch nehmen KFZ-Spenglerei Lackierarbeiten Reparatur von Blech- und Hagelsch\u00e4den Unterboden- und Hohlraumschutzversiegelung Und vieles mehr Abschleppen Abschleppen bei Panne oder Unfall Abschleppservice-Hotline0680 113 90 90 Mehr dazu Aufbereitung Vielf\u00e4ltiges Angebot f\u00fcr die perfekte Auto Aufbereitung Von der Basispflege, \u00fcber die Innenreinigung, die Politur bis zur Premiumpflege ist alles [&hellip;]<\/p>\n","protected":false},"author":1,"featured_media":687,"parent":0,"menu_order":0,"comment_status":"closed","ping_status":"closed","template":"","meta":{"footnotes":""},"class_list":["post-58","page","type-page","status-publish","has-post-thumbnail","hentry"],"_links":{"self":[{"href":"https:\/\/www.haider-atb.at\/index.php?rest_route=\/wp\/v2\/pages\/58","targetHints":{"allow":["GET"]}}],"collection":[{"href":"https:\/\/www.haider-atb.at\/index.php?rest_route=\/wp\/v2\/pages"}],"about":[{"href":"https:\/\/www.haider-atb.at\/index.php?rest_route=\/wp\/v2\/types\/page"}],"author":[{"embeddable":true,"href":"https:\/\/www.haider-atb.at\/index.php?rest_route=\/wp\/v2\/users\/1"}],"replies":[{"embeddable":true,"href":"https:\/\/www.haider-atb.at\/index.php?rest_route=%2Fwp%2Fv2%2Fcomments&post=58"}],"version-history":[{"count":23,"href":"https:\/\/www.haider-atb.at\/index.php?rest_route=\/wp\/v2\/pages\/58\/revisions"}],"predecessor-version":[{"id":689,"href":"https:\/\/www.haider-atb.at\/index.php?rest_route=\/wp\/v2\/pages\/58\/revisions\/689"}],"wp:featuredmedia":[{"embeddable":true,"href":"https:\/\/www.haider-atb.at\/index.php?rest_route=\/wp\/v2\/media\/687"}],"wp:attachment":[{"href":"https:\/\/www.haider-atb.at\/index.php?rest_route=%2Fwp%2Fv2%2Fmedia&parent=58"}],"curies":[{"name":"wp","href":"https:\/\/api.w.org\/{rel}","templated":true}]}}